{"id":111,"date":"2018-08-06T14:46:31","date_gmt":"2018-08-06T11:46:31","guid":{"rendered":"https:\/\/www.marifaksitvakfi.org\/?page_id=111"},"modified":"2018-10-25T23:32:45","modified_gmt":"2018-10-25T20:32:45","slug":"yatagan","status":"publish","type":"page","link":"https:\/\/www.marifaksitvakfi.org\/?page_id=111","title":{"rendered":"Yata\u011fan"},"content":{"rendered":"\n<p><\/p>\n\n\n\n<p><\/p>\n\n\n<h4 style=\"text-align: left;\"><a href=\"https:\/\/www.marifaksitvakfi.org\/yatagan-tarihce\/\"><strong><span style=\"color: #333399;\">Yata\u011fan K\u0131sa Tarih\u00e7esi<\/span><\/strong><\/a><\/h4>\n<h4><a href=\"https:\/\/www.marifaksitvakfi.org\/yatagan-yataganbaba\/\"><strong><span style=\"color: #333399;\">Yata\u011fan-baba<\/span> <span style=\"color: #333399;\">kimdir?<\/span><\/strong><\/a><\/h4>\n<h4 style=\"text-align: left;\"><a href=\"https:\/\/www.marifaksitvakfi.org\/yatagan-dinihayat\/\"><strong><span style=\"color: #333399;\">Yata\u011fan\u2019da Dini Hayat<\/span><\/strong><\/a><\/h4>\n<ul>\n<li>\n<p><a href=\"https:\/\/www.marifaksitvakfi.org\/cami-ve-mescitler\/\"><span style=\"color: #333399;\"><strong>Cami ve Mescidler<\/strong><\/span><\/a><\/p>\n<\/li>\n<li>\n<p><a href=\"https:\/\/www.marifaksitvakfi.org\/medreseler\/\"><span style=\"color: #333399;\"><strong>Medreseler<\/strong><\/span><\/a><\/p>\n<\/li>\n<li>\n<p><a href=\"https:\/\/www.marifaksitvakfi.org\/tekke-ve-zaviyeler\/\" target=\"_blank\" rel=\"noopener\"><span style=\"color: #333399;\"><strong>Tekke ve Zaviyeler<\/strong><\/span><\/a><\/p>\n<\/li>\n<li>\n<p><a href=\"https:\/\/www.marifaksitvakfi.org\/turbeler\/\"><span style=\"color: #333399;\"><strong>T\u00fcrbeler<\/strong><\/span><\/a><\/p>\n<\/li>\n<\/ul>\n<p style=\"text-align: center;\">\u00a0<\/p>\n<h4 style=\"text-align: center;\">\u00a0<\/h4>\n<p>\u00a0<\/p>\n\n\n<p><\/p>\n","protected":false},"excerpt":{"rendered":"<p>Yata\u011fan K\u0131sa Tarih\u00e7esi Yata\u011fan-baba kimdir? Yata\u011fan\u2019da Dini Hayat Cami ve Mescidler Medreseler Tekke ve Zaviyeler T\u00fcrbeler \u00a0 \u00a0 \u00a0<\/p>\n","protected":false},"author":1,"featured_media":0,"parent":0,"menu_order":4,"comment_status":"closed","ping_status":"closed","template":"","meta":{"footnotes":""},"class_list":["post-111","page","type-page","status-publish","hentry"],"_links":{"self":[{"href":"https:\/\/www.marifaksitvakfi.org\/index.php?rest_route=\/wp\/v2\/pages\/111","targetHints":{"allow":["GET"]}}],"collection":[{"href":"https:\/\/www.marifaksitvakfi.org\/index.php?rest_route=\/wp\/v2\/pages"}],"about":[{"href":"https:\/\/www.marifaksitvakfi.org\/index.php?rest_route=\/wp\/v2\/types\/page"}],"author":[{"embeddable":true,"href":"https:\/\/www.marifaksitvakfi.org\/index.php?rest_route=\/wp\/v2\/users\/1"}],"replies":[{"embeddable":true,"href":"https:\/\/www.marifaksitvakfi.org\/index.php?rest_route=%2Fwp%2Fv2%2Fcomments&post=111"}],"version-history":[{"count":35,"href":"https:\/\/www.marifaksitvakfi.org\/index.php?rest_route=\/wp\/v2\/pages\/111\/revisions"}],"predecessor-version":[{"id":279,"href":"https:\/\/www.marifaksitvakfi.org\/index.php?rest_route=\/wp\/v2\/pages\/111\/revisions\/279"}],"wp:attachment":[{"href":"https:\/\/www.marifaksitvakfi.org\/index.php?rest_route=%2Fwp%2Fv2%2Fmedia&parent=111"}],"curies":[{"name":"wp","href":"https:\/\/api.w.org\/{rel}","templated":true}]}}