{"id":113,"date":"2018-08-06T14:46:44","date_gmt":"2018-08-06T11:46:44","guid":{"rendered":"https:\/\/www.marifaksitvakfi.org\/?page_id=113"},"modified":"2019-07-01T14:59:35","modified_gmt":"2019-07-01T11:59:35","slug":"bagis","status":"publish","type":"page","link":"https:\/\/www.marifaksitvakfi.org\/?page_id=113","title":{"rendered":"Ba\u011f\u0131\u015f"},"content":{"rendered":"<h2><strong>Banka Ad\u0131: Vak\u0131fbank<\/strong><\/h2>\n<h2><strong>\u015eube ve \u015eube kodu: S00049-Denizli<\/strong><\/h2>\n<h2><strong>Hesap Ad\u0131: M\u00fcft\u00fc Arif Ak\u015fit E\u011fitim ve K\u00fclt\u00fcr Vakf\u0131<\/strong><\/h2>\n<h2><strong>\u0130ban: TR86 0001 5001 5800 7293 7199 76<\/strong><\/h2>\n","protected":false},"excerpt":{"rendered":"<p>Banka Ad\u0131: Vak\u0131fbank \u015eube ve \u015eube kodu: S00049-Denizli Hesap Ad\u0131: M\u00fcft\u00fc Arif Ak\u015fit E\u011fitim ve K\u00fclt\u00fcr Vakf\u0131 \u0130ban: TR86 0001 5001 5800 7293 7199 76<\/p>\n","protected":false},"author":1,"featured_media":0,"parent":0,"menu_order":0,"comment_status":"closed","ping_status":"closed","template":"","meta":{"footnotes":""},"class_list":["post-113","page","type-page","status-publish","hentry"],"_links":{"self":[{"href":"https:\/\/www.marifaksitvakfi.org\/index.php?rest_route=\/wp\/v2\/pages\/113","targetHints":{"allow":["GET"]}}],"collection":[{"href":"https:\/\/www.marifaksitvakfi.org\/index.php?rest_route=\/wp\/v2\/pages"}],"about":[{"href":"https:\/\/www.marifaksitvakfi.org\/index.php?rest_route=\/wp\/v2\/types\/page"}],"author":[{"embeddable":true,"href":"https:\/\/www.marifaksitvakfi.org\/index.php?rest_route=\/wp\/v2\/users\/1"}],"replies":[{"embeddable":true,"href":"https:\/\/www.marifaksitvakfi.org\/index.php?rest_route=%2Fwp%2Fv2%2Fcomments&post=113"}],"version-history":[{"count":3,"href":"https:\/\/www.marifaksitvakfi.org\/index.php?rest_route=\/wp\/v2\/pages\/113\/revisions"}],"predecessor-version":[{"id":441,"href":"https:\/\/www.marifaksitvakfi.org\/index.php?rest_route=\/wp\/v2\/pages\/113\/revisions\/441"}],"wp:attachment":[{"href":"https:\/\/www.marifaksitvakfi.org\/index.php?rest_route=%2Fwp%2Fv2%2Fmedia&parent=113"}],"curies":[{"name":"wp","href":"https:\/\/api.w.org\/{rel}","templated":true}]}}