{"id":115,"date":"2018-08-06T14:47:12","date_gmt":"2018-08-06T11:47:12","guid":{"rendered":"https:\/\/www.marifaksitvakfi.org\/?page_id=115"},"modified":"2019-07-01T15:00:31","modified_gmt":"2019-07-01T12:00:31","slug":"bagis-hesabi","status":"publish","type":"page","link":"https:\/\/www.marifaksitvakfi.org\/?page_id=115","title":{"rendered":"Ba\u011f\u0131\u015f Hesab\u0131"},"content":{"rendered":"<h4><strong>Banka Ad\u0131: Vak\u0131fbank<\/strong><\/h4>\n<h4><strong>\u015eube ve \u015eube kodu: S00049-Denizli<\/strong><\/h4>\n<h4><strong>Hesap Ad\u0131: M\u00fcft\u00fc Arif Ak\u015fit E\u011fitim ve K\u00fclt\u00fcr Vakf\u0131<\/strong><\/h4>\n<h4><strong>\u0130ban: TR86 0001 5001 5800 7293 7199 76<\/strong><\/h4>\n","protected":false},"excerpt":{"rendered":"<p>Banka Ad\u0131: Vak\u0131fbank \u015eube ve \u015eube kodu: S00049-Denizli Hesap Ad\u0131: M\u00fcft\u00fc Arif Ak\u015fit E\u011fitim ve K\u00fclt\u00fcr Vakf\u0131 \u0130ban: TR86 0001 5001 5800 7293 7199 76<\/p>\n","protected":false},"author":1,"featured_media":0,"parent":113,"menu_order":0,"comment_status":"closed","ping_status":"closed","template":"","meta":{"footnotes":""},"class_list":["post-115","page","type-page","status-publish","hentry"],"_links":{"self":[{"href":"https:\/\/www.marifaksitvakfi.org\/index.php?rest_route=\/wp\/v2\/pages\/115","targetHints":{"allow":["GET"]}}],"collection":[{"href":"https:\/\/www.marifaksitvakfi.org\/index.php?rest_route=\/wp\/v2\/pages"}],"about":[{"href":"https:\/\/www.marifaksitvakfi.org\/index.php?rest_route=\/wp\/v2\/types\/page"}],"author":[{"embeddable":true,"href":"https:\/\/www.marifaksitvakfi.org\/index.php?rest_route=\/wp\/v2\/users\/1"}],"replies":[{"embeddable":true,"href":"https:\/\/www.marifaksitvakfi.org\/index.php?rest_route=%2Fwp%2Fv2%2Fcomments&post=115"}],"version-history":[{"count":5,"href":"https:\/\/www.marifaksitvakfi.org\/index.php?rest_route=\/wp\/v2\/pages\/115\/revisions"}],"predecessor-version":[{"id":443,"href":"https:\/\/www.marifaksitvakfi.org\/index.php?rest_route=\/wp\/v2\/pages\/115\/revisions\/443"}],"up":[{"embeddable":true,"href":"https:\/\/www.marifaksitvakfi.org\/index.php?rest_route=\/wp\/v2\/pages\/113"}],"wp:attachment":[{"href":"https:\/\/www.marifaksitvakfi.org\/index.php?rest_route=%2Fwp%2Fv2%2Fmedia&parent=115"}],"curies":[{"name":"wp","href":"https:\/\/api.w.org\/{rel}","templated":true}]}}