{"id":119,"date":"2018-08-06T14:48:01","date_gmt":"2018-08-06T11:48:01","guid":{"rendered":"https:\/\/www.marifaksitvakfi.org\/?page_id=119"},"modified":"2020-09-24T01:38:47","modified_gmt":"2020-09-23T22:38:47","slug":"iletisim","status":"publish","type":"page","link":"https:\/\/www.marifaksitvakfi.org\/?page_id=119","title":{"rendered":"\u0130leti\u015fim"},"content":{"rendered":"<p><strong>\u0130leti\u015fim<\/strong><\/p>\n<p><iframe loading=\"lazy\" src=\"https:\/\/www.google.com\/maps\/embed?pb=!1m14!1m8!1m3!1d809586.0043151205!2d29.376193999999998!3d37.56813!3m2!1i1024!2i768!4f13.1!3m3!1m2!1s0x0%3A0x777187fe9c5cff2d!2zUEHDnCDEsHNsYW1pIGlsaW1sZXIgZW5zdGl0w7xzw7w!5e0!3m2!1str!2str!4v1600899721709!5m2!1str!2str\" width=\"800\" height=\"600\" frameborder=\"0\" style=\"border:0;\" allowfullscreen=\"\" aria-hidden=\"false\" tabindex=\"0\"><\/iframe><\/p>\n","protected":false},"excerpt":{"rendered":"<p>\u0130leti\u015fim<\/p>\n","protected":false},"author":1,"featured_media":0,"parent":0,"menu_order":0,"comment_status":"closed","ping_status":"closed","template":"","meta":{"footnotes":""},"class_list":["post-119","page","type-page","status-publish","hentry"],"_links":{"self":[{"href":"https:\/\/www.marifaksitvakfi.org\/index.php?rest_route=\/wp\/v2\/pages\/119","targetHints":{"allow":["GET"]}}],"collection":[{"href":"https:\/\/www.marifaksitvakfi.org\/index.php?rest_route=\/wp\/v2\/pages"}],"about":[{"href":"https:\/\/www.marifaksitvakfi.org\/index.php?rest_route=\/wp\/v2\/types\/page"}],"author":[{"embeddable":true,"href":"https:\/\/www.marifaksitvakfi.org\/index.php?rest_route=\/wp\/v2\/users\/1"}],"replies":[{"embeddable":true,"href":"https:\/\/www.marifaksitvakfi.org\/index.php?rest_route=%2Fwp%2Fv2%2Fcomments&post=119"}],"version-history":[{"count":5,"href":"https:\/\/www.marifaksitvakfi.org\/index.php?rest_route=\/wp\/v2\/pages\/119\/revisions"}],"predecessor-version":[{"id":460,"href":"https:\/\/www.marifaksitvakfi.org\/index.php?rest_route=\/wp\/v2\/pages\/119\/revisions\/460"}],"wp:attachment":[{"href":"https:\/\/www.marifaksitvakfi.org\/index.php?rest_route=%2Fwp%2Fv2%2Fmedia&parent=119"}],"curies":[{"name":"wp","href":"https:\/\/api.w.org\/{rel}","templated":true}]}}