{"id":250,"date":"2018-10-25T21:55:12","date_gmt":"2018-10-25T18:55:12","guid":{"rendered":"https:\/\/www.marifaksitvakfi.org\/?page_id=250"},"modified":"2018-10-25T23:10:58","modified_gmt":"2018-10-25T20:10:58","slug":"yatagan-dinihayat","status":"publish","type":"page","link":"https:\/\/www.marifaksitvakfi.org\/?page_id=250","title":{"rendered":"Yata\u011fan&#8217;da Dini Hayat"},"content":{"rendered":"\n<p>Yata\u011fan, k\u00f6kl\u00fc bir ilim ve tasavvuf k\u00fclt\u00fcr\u00fcne sahip bir ilim ve irfan yata\u011f\u0131d\u0131r. Tarihi kay\u0131tlara g\u00f6re Yata\u011fan\u2019da \u00fc\u00e7 tekke bulunmaktayd\u0131.<\/p>\n\n\n\n<p>Yata\u011fan&#8217;\u0131n dahil bulundu\u011fu zeametin paylar\u0131, bir \u00e7ok kimseye b\u00f6l\u00fcnd\u00fc\u011f\u00fcnden, zeametin islerini g\u00f6ren (muhtemelen voyvoda), zeamet k\u00f6ylerine do\u011frudan m\u00fcdahale etmiyordu. L\u00e2k\u0131n Yata\u011fan&#8217;da XVIII.y\u00fczy\u0131l sonlar\u0131nda bir medrese faaliyete ge\u00e7mi\u015f, bu arada \u00f6nceleri \u00e2henkli bir ber\u00e2berlik i\u00e7inde oldu\u011fu sezilen Yata\u011fan-baba ve Abdi Be\u011f-Sultan tekkeleri aras\u0131nda ayr\u0131l\u0131k bas g\u00f6stermi\u015ftir.<\/p>\n\n\n\n<p>Olaylar\u0131n ilk sahfas\u0131nda, Yata\u011fan-baba tekkesi etkinli\u011fini kaybetmi\u015ftir.<\/p>\n","protected":false},"excerpt":{"rendered":"<p>Yata\u011fan, k\u00f6kl\u00fc bir ilim ve tasavvuf k\u00fclt\u00fcr\u00fcne sahip bir ilim ve irfan yata\u011f\u0131d\u0131r. Tarihi kay\u0131tlara g\u00f6re Yata\u011fan\u2019da \u00fc\u00e7 tekke bulunmaktayd\u0131. Yata\u011fan&#8217;\u0131n dahil bulundu\u011fu zeametin paylar\u0131, bir \u00e7ok kimseye b\u00f6l\u00fcnd\u00fc\u011f\u00fcnden, zeametin islerini g\u00f6ren (muhtemelen voyvoda), zeamet k\u00f6ylerine do\u011frudan m\u00fcdahale etmiyordu. L\u00e2k\u0131n Yata\u011fan&#8217;da XVIII.y\u00fczy\u0131l sonlar\u0131nda bir medrese faaliyete ge\u00e7mi\u015f, bu arada \u00f6nceleri \u00e2henkli bir ber\u00e2berlik i\u00e7inde oldu\u011fu sezilen Yata\u011fan-baba ve Abdi Be\u011f-Sultan tekkeleri aras\u0131nda ayr\u0131l\u0131k bas g\u00f6stermi\u015ftir. Olaylar\u0131n ilk sahfas\u0131nda, Yata\u011fan-baba tekkesi etkinli\u011fini kaybetmi\u015ftir.<\/p>\n","protected":false},"author":1,"featured_media":0,"parent":0,"menu_order":0,"comment_status":"closed","ping_status":"closed","template":"","meta":{"footnotes":""},"class_list":["post-250","page","type-page","status-publish","hentry"],"_links":{"self":[{"href":"https:\/\/www.marifaksitvakfi.org\/index.php?rest_route=\/wp\/v2\/pages\/250","targetHints":{"allow":["GET"]}}],"collection":[{"href":"https:\/\/www.marifaksitvakfi.org\/index.php?rest_route=\/wp\/v2\/pages"}],"about":[{"href":"https:\/\/www.marifaksitvakfi.org\/index.php?rest_route=\/wp\/v2\/types\/page"}],"author":[{"embeddable":true,"href":"https:\/\/www.marifaksitvakfi.org\/index.php?rest_route=\/wp\/v2\/users\/1"}],"replies":[{"embeddable":true,"href":"https:\/\/www.marifaksitvakfi.org\/index.php?rest_route=%2Fwp%2Fv2%2Fcomments&post=250"}],"version-history":[{"count":3,"href":"https:\/\/www.marifaksitvakfi.org\/index.php?rest_route=\/wp\/v2\/pages\/250\/revisions"}],"predecessor-version":[{"id":314,"href":"https:\/\/www.marifaksitvakfi.org\/index.php?rest_route=\/wp\/v2\/pages\/250\/revisions\/314"}],"wp:attachment":[{"href":"https:\/\/www.marifaksitvakfi.org\/index.php?rest_route=%2Fwp%2Fv2%2Fmedia&parent=250"}],"curies":[{"name":"wp","href":"https:\/\/api.w.org\/{rel}","templated":true}]}}