{"id":59,"date":"2018-08-01T16:49:46","date_gmt":"2018-08-01T13:49:46","guid":{"rendered":"https:\/\/www.marifaksitvakfi.org\/?page_id=59"},"modified":"2024-08-29T12:10:45","modified_gmt":"2024-08-29T09:10:45","slug":"yatagan-islami-ilimler-ihtisas-ve-arastirma-merkezi-yasam","status":"publish","type":"page","link":"https:\/\/www.marifaksitvakfi.org\/","title":{"rendered":""},"content":{"rendered":"\n<p class=\"has-text-align-left\">( <strong><mark style=\"background-color:rgba(0, 0, 0, 0)\" class=\"has-inline-color has-vivid-red-color\">G\u00fcncel<\/mark> <\/strong>) <a href=\"https:\/\/docs.google.com\/forms\/d\/19KC8ScJhzK8kWeT8njrqq9oeL2Qqg4f8eSiJDEXHYO4\/edit\"><strong>Yata\u011fan \u0130sl\u00e2m\u00ee \u0130limler \u0130htisas ve Ara\u015ft\u0131rma Merkezi (YASAM) Burs\/Kay\u0131t Ba\u015fvuru Formu (Lisans\u00fcst\u00fc)<\/strong><\/a><\/p>\n\n\n\n<p>( <strong><mark style=\"background-color:rgba(0, 0, 0, 0)\" class=\"has-inline-color has-vivid-red-color\">G\u00fcncel<\/mark> <\/strong>) <a href=\"https:\/\/docs.google.com\/forms\/d\/1g9mnt1pCesjvDqs8j4lXS1TPJj5vdM7gssWWQtom-84\/edit\"><strong>\u0130slami \u0130limler Yaz Program\u0131 (\u0130SYAP) Ba\u015fvuru Kay\u0131t Formu (Lisans)<\/strong><\/a><\/p>\n\n\n<div class=\"wp-block-image\">\n<figure class=\"alignleft size-large is-resized\"><img loading=\"lazy\" decoding=\"async\" width=\"724\" height=\"1024\" src=\"http:\/\/www.marifaksitvakfi.org\/wp-content\/uploads\/2024\/08\/WhatsApp-Gorsel-2024-08-26-saat-23.12.57_25e7e8b8-724x1024.jpg\" alt=\"\" class=\"wp-image-531\" style=\"width:915px;height:1286px\" srcset=\"https:\/\/www.marifaksitvakfi.org\/wp-content\/uploads\/2024\/08\/WhatsApp-Gorsel-2024-08-26-saat-23.12.57_25e7e8b8-724x1024.jpg 724w, https:\/\/www.marifaksitvakfi.org\/wp-content\/uploads\/2024\/08\/WhatsApp-Gorsel-2024-08-26-saat-23.12.57_25e7e8b8-212x300.jpg 212w, https:\/\/www.marifaksitvakfi.org\/wp-content\/uploads\/2024\/08\/WhatsApp-Gorsel-2024-08-26-saat-23.12.57_25e7e8b8-768x1086.jpg 768w, https:\/\/www.marifaksitvakfi.org\/wp-content\/uploads\/2024\/08\/WhatsApp-Gorsel-2024-08-26-saat-23.12.57_25e7e8b8.jpg 1414w\" sizes=\"auto, (max-width: 724px) 100vw, 724px\" \/><\/figure>\n<\/div>\n\n\n<p><\/p>\n\n\n\n<p><\/p>\n","protected":false},"excerpt":{"rendered":"<p>( G\u00fcncel ) Yata\u011fan \u0130sl\u00e2m\u00ee \u0130limler \u0130htisas ve Ara\u015ft\u0131rma Merkezi (YASAM) Burs\/Kay\u0131t Ba\u015fvuru Formu (Lisans\u00fcst\u00fc) ( G\u00fcncel ) \u0130slami \u0130limler Yaz Program\u0131 (\u0130SYAP) Ba\u015fvuru Kay\u0131t Formu (Lisans)<\/p>\n","protected":false},"author":1,"featured_media":0,"parent":0,"menu_order":0,"comment_status":"closed","ping_status":"closed","template":"","meta":{"footnotes":""},"class_list":["post-59","page","type-page","status-publish","hentry"],"_links":{"self":[{"href":"https:\/\/www.marifaksitvakfi.org\/index.php?rest_route=\/wp\/v2\/pages\/59","targetHints":{"allow":["GET"]}}],"collection":[{"href":"https:\/\/www.marifaksitvakfi.org\/index.php?rest_route=\/wp\/v2\/pages"}],"about":[{"href":"https:\/\/www.marifaksitvakfi.org\/index.php?rest_route=\/wp\/v2\/types\/page"}],"author":[{"embeddable":true,"href":"https:\/\/www.marifaksitvakfi.org\/index.php?rest_route=\/wp\/v2\/users\/1"}],"replies":[{"embeddable":true,"href":"https:\/\/www.marifaksitvakfi.org\/index.php?rest_route=%2Fwp%2Fv2%2Fcomments&post=59"}],"version-history":[{"count":42,"href":"https:\/\/www.marifaksitvakfi.org\/index.php?rest_route=\/wp\/v2\/pages\/59\/revisions"}],"predecessor-version":[{"id":533,"href":"https:\/\/www.marifaksitvakfi.org\/index.php?rest_route=\/wp\/v2\/pages\/59\/revisions\/533"}],"wp:attachment":[{"href":"https:\/\/www.marifaksitvakfi.org\/index.php?rest_route=%2Fwp%2Fv2%2Fmedia&parent=59"}],"curies":[{"name":"wp","href":"https:\/\/api.w.org\/{rel}","templated":true}]}}