{"id":77,"date":"2018-08-06T14:28:28","date_gmt":"2018-08-06T11:28:28","guid":{"rendered":"https:\/\/www.marifaksitvakfi.org\/?page_id=77"},"modified":"2018-08-17T01:28:26","modified_gmt":"2018-08-16T22:28:26","slug":"misyon-ve-vizyon","status":"publish","type":"page","link":"https:\/\/www.marifaksitvakfi.org\/?page_id=77","title":{"rendered":"Misyon ve Vizyon"},"content":{"rendered":"<p><strong>Misyon<\/strong><\/p>\n<p>\u201cBilenlerle bilmeyenler bir olur mu?\u201d ayeti ile \u201cAllah bir toplumun iyili\u011fini isterse ondaki ilim adam\u0131 say\u0131s\u0131n\u0131 art\u0131r\u0131r.\u201d hadisinden yola \u00e7\u0131karak iyi bilen, bildi\u011fini ya\u015fayan, r\u00fczgar ne taraftan eserse o tarafa meyletmeyen, ki\u015filikli, gelene\u011fe sayg\u0131l\u0131, gelecek perspektifi olan, manevi de\u011ferlerle bezenmi\u015f ve herhangi bir taassubiyet g\u00fctmeden t\u00fcm insanl\u0131\u011fa hizmet edecek Ehli S\u00fcnnet \u00e2limi yeti\u015ftirmektir.<\/p>\n<p><strong>Vizyon<\/strong><\/p>\n<p>Gelene\u011fe ba\u011fl\u0131 ve sayg\u0131l\u0131, dini ve k\u00fclt\u00fcrel miras\u0131m\u0131z \u0131\u015f\u0131\u011f\u0131nda g\u00fcn\u00fcm\u00fcz problemlerine \u00e7\u00f6z\u00fcm arayan, yeniliklere a\u00e7\u0131k, ilim, fikir ve sosyal hayata katk\u0131 sa\u011flayan, \u0130slami ahlak ve \u015fuura sahip nitelikli \u0130slam \u00e2limlerini yeti\u015ftirecek bir ilim merkezi olmak.<\/p>\n<p>&nbsp;<\/p>\n","protected":false},"excerpt":{"rendered":"<p>Misyon \u201cBilenlerle bilmeyenler bir olur mu?\u201d ayeti ile \u201cAllah bir toplumun iyili\u011fini isterse ondaki ilim adam\u0131 say\u0131s\u0131n\u0131 art\u0131r\u0131r.\u201d hadisinden yola \u00e7\u0131karak iyi bilen, bildi\u011fini ya\u015fayan, r\u00fczgar ne taraftan eserse o tarafa meyletmeyen, ki\u015filikli, gelene\u011fe sayg\u0131l\u0131, gelecek perspektifi olan, manevi de\u011ferlerle bezenmi\u015f ve herhangi bir taassubiyet g\u00fctmeden t\u00fcm insanl\u0131\u011fa hizmet edecek Ehli S\u00fcnnet \u00e2limi yeti\u015ftirmektir. Vizyon Gelene\u011fe ba\u011fl\u0131 ve sayg\u0131l\u0131, dini ve k\u00fclt\u00fcrel miras\u0131m\u0131z \u0131\u015f\u0131\u011f\u0131nda g\u00fcn\u00fcm\u00fcz problemlerine \u00e7\u00f6z\u00fcm arayan, yeniliklere a\u00e7\u0131k, ilim, fikir ve sosyal hayata katk\u0131 sa\u011flayan, \u0130slami ahlak ve \u015fuura sahip nitelikli \u0130slam \u00e2limlerini yeti\u015ftirecek bir ilim merkezi olmak. &nbsp;<\/p>\n","protected":false},"author":1,"featured_media":0,"parent":68,"menu_order":0,"comment_status":"closed","ping_status":"closed","template":"","meta":{"footnotes":""},"class_list":["post-77","page","type-page","status-publish","hentry"],"_links":{"self":[{"href":"https:\/\/www.marifaksitvakfi.org\/index.php?rest_route=\/wp\/v2\/pages\/77","targetHints":{"allow":["GET"]}}],"collection":[{"href":"https:\/\/www.marifaksitvakfi.org\/index.php?rest_route=\/wp\/v2\/pages"}],"about":[{"href":"https:\/\/www.marifaksitvakfi.org\/index.php?rest_route=\/wp\/v2\/types\/page"}],"author":[{"embeddable":true,"href":"https:\/\/www.marifaksitvakfi.org\/index.php?rest_route=\/wp\/v2\/users\/1"}],"replies":[{"embeddable":true,"href":"https:\/\/www.marifaksitvakfi.org\/index.php?rest_route=%2Fwp%2Fv2%2Fcomments&post=77"}],"version-history":[{"count":2,"href":"https:\/\/www.marifaksitvakfi.org\/index.php?rest_route=\/wp\/v2\/pages\/77\/revisions"}],"predecessor-version":[{"id":182,"href":"https:\/\/www.marifaksitvakfi.org\/index.php?rest_route=\/wp\/v2\/pages\/77\/revisions\/182"}],"up":[{"embeddable":true,"href":"https:\/\/www.marifaksitvakfi.org\/index.php?rest_route=\/wp\/v2\/pages\/68"}],"wp:attachment":[{"href":"https:\/\/www.marifaksitvakfi.org\/index.php?rest_route=%2Fwp%2Fv2%2Fmedia&parent=77"}],"curies":[{"name":"wp","href":"https:\/\/api.w.org\/{rel}","templated":true}]}}