{"id":81,"date":"2018-08-06T14:30:04","date_gmt":"2018-08-06T11:30:04","guid":{"rendered":"https:\/\/www.marifaksitvakfi.org\/?page_id=81"},"modified":"2018-08-06T14:30:04","modified_gmt":"2018-08-06T11:30:04","slug":"egitim-ve-ogretime-katki","status":"publish","type":"page","link":"https:\/\/www.marifaksitvakfi.org\/?page_id=81","title":{"rendered":"E\u011fitim ve \u00d6\u011fretime Katk\u0131"},"content":{"rendered":"<p>M\u00fcft\u00fc Arif Ak\u015fit E\u011fitim ve K\u00fclt\u00fcr Vakf\u0131 ile G\u00fcm\u00fc\u015fhaneli Ara\u015ft\u0131rma Yard\u0131mla\u015fma ve E\u011fitim Vakf\u0131\u2019n\u0131n (GAYEV) katk\u0131lar\u0131yla Yata\u011fan\u2019da yap\u0131lan binam\u0131z Pamukkale \u00dcniversitesi ile M\u00fcft\u00fc Arif Ak\u015fit Vakf\u0131 aras\u0131nda d\u00fczenlenen protokol \u00e7er\u00e7evesinde Pamukkale \u00dcniversitesi \u0130slami \u0130limler Enstit\u00fcs\u00fc\u2019n\u00fcn hizmetine sunulmu\u015ftur.<\/p>\n<p>Yata\u011fan \u0130mam Hatip Lisesi<\/p>\n<p>M\u00fcft\u00fc Arif Ak\u015fit E\u011fitim ve K\u00fclt\u00fcr Vakf\u0131 ve Gaye Vakf\u0131 i\u015fbirli\u011fiyle \u0130lahiyat Fak\u00fcltesi \u00f6\u011frencilerine y\u00f6nelik 2018 \u0130slami \u0130limler Yaz Seminerleri Yata\u011fan\u2019da yap\u0131ld\u0131. Programa \u00e7e\u015fitli \u00fcniversitelerden 90 \u00f6\u011frenci kat\u0131ld\u0131.<\/p>\n","protected":false},"excerpt":{"rendered":"<p>M\u00fcft\u00fc Arif Ak\u015fit E\u011fitim ve K\u00fclt\u00fcr Vakf\u0131 ile G\u00fcm\u00fc\u015fhaneli Ara\u015ft\u0131rma Yard\u0131mla\u015fma ve E\u011fitim Vakf\u0131\u2019n\u0131n (GAYEV) katk\u0131lar\u0131yla Yata\u011fan\u2019da yap\u0131lan binam\u0131z Pamukkale \u00dcniversitesi ile M\u00fcft\u00fc Arif Ak\u015fit Vakf\u0131 aras\u0131nda d\u00fczenlenen protokol \u00e7er\u00e7evesinde Pamukkale \u00dcniversitesi \u0130slami \u0130limler Enstit\u00fcs\u00fc\u2019n\u00fcn hizmetine sunulmu\u015ftur. Yata\u011fan \u0130mam Hatip Lisesi M\u00fcft\u00fc Arif Ak\u015fit E\u011fitim ve K\u00fclt\u00fcr Vakf\u0131 ve Gaye Vakf\u0131 i\u015fbirli\u011fiyle \u0130lahiyat Fak\u00fcltesi \u00f6\u011frencilerine y\u00f6nelik 2018 \u0130slami \u0130limler Yaz Seminerleri Yata\u011fan\u2019da yap\u0131ld\u0131. Programa \u00e7e\u015fitli \u00fcniversitelerden 90 \u00f6\u011frenci kat\u0131ld\u0131.<\/p>\n","protected":false},"author":1,"featured_media":0,"parent":79,"menu_order":0,"comment_status":"closed","ping_status":"closed","template":"","meta":{"footnotes":""},"class_list":["post-81","page","type-page","status-publish","hentry"],"_links":{"self":[{"href":"https:\/\/www.marifaksitvakfi.org\/index.php?rest_route=\/wp\/v2\/pages\/81","targetHints":{"allow":["GET"]}}],"collection":[{"href":"https:\/\/www.marifaksitvakfi.org\/index.php?rest_route=\/wp\/v2\/pages"}],"about":[{"href":"https:\/\/www.marifaksitvakfi.org\/index.php?rest_route=\/wp\/v2\/types\/page"}],"author":[{"embeddable":true,"href":"https:\/\/www.marifaksitvakfi.org\/index.php?rest_route=\/wp\/v2\/users\/1"}],"replies":[{"embeddable":true,"href":"https:\/\/www.marifaksitvakfi.org\/index.php?rest_route=%2Fwp%2Fv2%2Fcomments&post=81"}],"version-history":[{"count":1,"href":"https:\/\/www.marifaksitvakfi.org\/index.php?rest_route=\/wp\/v2\/pages\/81\/revisions"}],"predecessor-version":[{"id":82,"href":"https:\/\/www.marifaksitvakfi.org\/index.php?rest_route=\/wp\/v2\/pages\/81\/revisions\/82"}],"up":[{"embeddable":true,"href":"https:\/\/www.marifaksitvakfi.org\/index.php?rest_route=\/wp\/v2\/pages\/79"}],"wp:attachment":[{"href":"https:\/\/www.marifaksitvakfi.org\/index.php?rest_route=%2Fwp%2Fv2%2Fmedia&parent=81"}],"curies":[{"name":"wp","href":"https:\/\/api.w.org\/{rel}","templated":true}]}}