{"id":83,"date":"2018-08-06T14:30:17","date_gmt":"2018-08-06T11:30:17","guid":{"rendered":"https:\/\/www.marifaksitvakfi.org\/?page_id=83"},"modified":"2018-08-06T14:30:17","modified_gmt":"2018-08-06T11:30:17","slug":"sosyal-ve-kulturel-faaliyetler","status":"publish","type":"page","link":"https:\/\/www.marifaksitvakfi.org\/?page_id=83","title":{"rendered":"Sosyal ve K\u00fclt\u00fcrel Faaliyetler"},"content":{"rendered":"<p><strong>Sosyal ve K\u00fclt\u00fcrel Faaliyetler<\/strong><\/p>\n","protected":false},"excerpt":{"rendered":"<p>Sosyal ve K\u00fclt\u00fcrel Faaliyetler<\/p>\n","protected":false},"author":1,"featured_media":0,"parent":79,"menu_order":0,"comment_status":"closed","ping_status":"closed","template":"","meta":{"footnotes":""},"class_list":["post-83","page","type-page","status-publish","hentry"],"_links":{"self":[{"href":"https:\/\/www.marifaksitvakfi.org\/index.php?rest_route=\/wp\/v2\/pages\/83","targetHints":{"allow":["GET"]}}],"collection":[{"href":"https:\/\/www.marifaksitvakfi.org\/index.php?rest_route=\/wp\/v2\/pages"}],"about":[{"href":"https:\/\/www.marifaksitvakfi.org\/index.php?rest_route=\/wp\/v2\/types\/page"}],"author":[{"embeddable":true,"href":"https:\/\/www.marifaksitvakfi.org\/index.php?rest_route=\/wp\/v2\/users\/1"}],"replies":[{"embeddable":true,"href":"https:\/\/www.marifaksitvakfi.org\/index.php?rest_route=%2Fwp%2Fv2%2Fcomments&post=83"}],"version-history":[{"count":1,"href":"https:\/\/www.marifaksitvakfi.org\/index.php?rest_route=\/wp\/v2\/pages\/83\/revisions"}],"predecessor-version":[{"id":84,"href":"https:\/\/www.marifaksitvakfi.org\/index.php?rest_route=\/wp\/v2\/pages\/83\/revisions\/84"}],"up":[{"embeddable":true,"href":"https:\/\/www.marifaksitvakfi.org\/index.php?rest_route=\/wp\/v2\/pages\/79"}],"wp:attachment":[{"href":"https:\/\/www.marifaksitvakfi.org\/index.php?rest_route=%2Fwp%2Fv2%2Fmedia&parent=83"}],"curies":[{"name":"wp","href":"https:\/\/api.w.org\/{rel}","templated":true}]}}