{"id":85,"date":"2018-08-06T14:30:33","date_gmt":"2018-08-06T11:30:33","guid":{"rendered":"https:\/\/www.marifaksitvakfi.org\/?page_id=85"},"modified":"2018-10-27T00:48:20","modified_gmt":"2018-10-26T21:48:20","slug":"muftu-arif-aksit","status":"publish","type":"page","link":"https:\/\/www.marifaksitvakfi.org\/?page_id=85","title":{"rendered":"M\u00fcft\u00fc Arif Ak\u015fit"},"content":{"rendered":"\n<h5 class=\"wp-block-heading\" style=\"text-align:center\">Arif Efendi: M\u00fcft\u00fc Arif Ak\u015fit<\/h5>\n\n\n\n<p style=\"text-align:left\">1872 tarihinde Yata\u011fan&#8217;da do\u011fdu. Koca Hoca \u015eeyh Mehmed Efendi&#8217;nin b\u00fcy\u00fck o\u011fludur. Babas\u0131 yan\u0131nda tahsil g\u00f6rd\u00fckten sonra, ba\u015fka yerlerde de \u00f6\u011frenim g\u00f6rd\u00fc. Uzun s\u00fcre Yata\u011fan Medresesinde babas\u0131na yard\u0131mc\u0131l\u0131k etmi\u015ftir. 1924 sonras\u0131nda da bir s\u00fcre Ac\u0131payam&#8217;da m\u00fcft\u00fcl\u00fck yapt\u0131.<\/p>\n\n\n\n<p>Hitabeti \u00e7ok etkili olup, g\u00fcle\u00e7 y\u00fcz\u00fc ve tatl\u0131 dili ile b\u00fcy\u00fck bir \u015f\u00f6hretyapm\u0131\u015ft\u0131r. Birisi erkek (Baha Ak\u015fit) birisi k\u0131z (L\u00fctfiye) iki evlad\u0131 vard\u0131r.1944 tarihinde Yata\u011fan&#8217;da vefat etti.<\/p>\n\n\n\n<p><\/p>\n\n\n\n<p><\/p>\n\n\n\n<p><\/p>\n\n\n<p><img loading=\"lazy\" decoding=\"async\" class=\"aligncenter wp-image-170 size-large\" src=\"https:\/\/www.marifaksitvakfi.org\/wp-content\/uploads\/2018\/08\/muftu-arif-aksit-kabri-1024x355.jpg\" alt=\"\" width=\"980\" height=\"340\" srcset=\"https:\/\/www.marifaksitvakfi.org\/wp-content\/uploads\/2018\/08\/muftu-arif-aksit-kabri-1024x355.jpg 1024w, https:\/\/www.marifaksitvakfi.org\/wp-content\/uploads\/2018\/08\/muftu-arif-aksit-kabri-300x104.jpg 300w, https:\/\/www.marifaksitvakfi.org\/wp-content\/uploads\/2018\/08\/muftu-arif-aksit-kabri-768x266.jpg 768w\" sizes=\"auto, (max-width: 980px) 100vw, 980px\" \/><\/p>\n\n\n<p><\/p>\n","protected":false},"excerpt":{"rendered":"<p>Arif Efendi: M\u00fcft\u00fc Arif Ak\u015fit 1872 tarihinde Yata\u011fan&#8217;da do\u011fdu. Koca Hoca \u015eeyh Mehmed Efendi&#8217;nin b\u00fcy\u00fck o\u011fludur. Babas\u0131 yan\u0131nda tahsil g\u00f6rd\u00fckten sonra, ba\u015fka yerlerde de \u00f6\u011frenim g\u00f6rd\u00fc. Uzun s\u00fcre Yata\u011fan Medresesinde babas\u0131na yard\u0131mc\u0131l\u0131k etmi\u015ftir. 1924 sonras\u0131nda da bir s\u00fcre Ac\u0131payam&#8217;da m\u00fcft\u00fcl\u00fck yapt\u0131. Hitabeti \u00e7ok etkili olup, g\u00fcle\u00e7 y\u00fcz\u00fc ve tatl\u0131 dili ile b\u00fcy\u00fck bir \u015f\u00f6hretyapm\u0131\u015ft\u0131r. Birisi erkek (Baha Ak\u015fit) birisi k\u0131z (L\u00fctfiye) iki evlad\u0131 vard\u0131r.1944 tarihinde Yata\u011fan&#8217;da vefat etti.<\/p>\n","protected":false},"author":1,"featured_media":0,"parent":0,"menu_order":0,"comment_status":"closed","ping_status":"closed","template":"","meta":{"footnotes":""},"class_list":["post-85","page","type-page","status-publish","hentry"],"_links":{"self":[{"href":"https:\/\/www.marifaksitvakfi.org\/index.php?rest_route=\/wp\/v2\/pages\/85","targetHints":{"allow":["GET"]}}],"collection":[{"href":"https:\/\/www.marifaksitvakfi.org\/index.php?rest_route=\/wp\/v2\/pages"}],"about":[{"href":"https:\/\/www.marifaksitvakfi.org\/index.php?rest_route=\/wp\/v2\/types\/page"}],"author":[{"embeddable":true,"href":"https:\/\/www.marifaksitvakfi.org\/index.php?rest_route=\/wp\/v2\/users\/1"}],"replies":[{"embeddable":true,"href":"https:\/\/www.marifaksitvakfi.org\/index.php?rest_route=%2Fwp%2Fv2%2Fcomments&post=85"}],"version-history":[{"count":21,"href":"https:\/\/www.marifaksitvakfi.org\/index.php?rest_route=\/wp\/v2\/pages\/85\/revisions"}],"predecessor-version":[{"id":387,"href":"https:\/\/www.marifaksitvakfi.org\/index.php?rest_route=\/wp\/v2\/pages\/85\/revisions\/387"}],"wp:attachment":[{"href":"https:\/\/www.marifaksitvakfi.org\/index.php?rest_route=%2Fwp%2Fv2%2Fmedia&parent=85"}],"curies":[{"name":"wp","href":"https:\/\/api.w.org\/{rel}","templated":true}]}}