{"id":87,"date":"2018-08-06T14:31:30","date_gmt":"2018-08-06T11:31:30","guid":{"rendered":"https:\/\/www.marifaksitvakfi.org\/?page_id=87"},"modified":"2023-07-01T00:16:06","modified_gmt":"2023-06-30T21:16:06","slug":"formlar","status":"publish","type":"page","link":"https:\/\/www.marifaksitvakfi.org\/?page_id=87","title":{"rendered":"Formlar"},"content":{"rendered":"<h4><a href=\"https:\/\/docs.google.com\/forms\/d\/19KC8ScJhzK8kWeT8njrqq9oeL2Qqg4f8eSiJDEXHYO4\/edit\">Yata\u011fan \u0130sl\u00e2m\u00ee \u0130limler \u0130htisas ve Ara\u015ft\u0131rma Merkezi (YASAM) Burs\/Kay\u0131t Ba\u015fvuru Formu (Lisans\u00fcst\u00fc)<\/a><\/h4>\n\n\n<h4 class=\"wp-block-heading\"><a href=\"https:\/\/docs.google.com\/forms\/d\/1g9mnt1pCesjvDqs8j4lXS1TPJj5vdM7gssWWQtom-84\/edit\">\u0130slami \u0130limler Yaz Program\u0131 (\u0130SYAP) Ba\u015fvuru Kay\u0131t Formu (Lisans)<\/a><\/h4>\n","protected":false},"excerpt":{"rendered":"<p>Yata\u011fan \u0130sl\u00e2m\u00ee \u0130limler \u0130htisas ve Ara\u015ft\u0131rma Merkezi (YASAM) Burs\/Kay\u0131t Ba\u015fvuru Formu (Lisans\u00fcst\u00fc) \u0130slami \u0130limler Yaz Program\u0131 (\u0130SYAP) Ba\u015fvuru Kay\u0131t Formu (Lisans)<\/p>\n","protected":false},"author":1,"featured_media":0,"parent":0,"menu_order":0,"comment_status":"closed","ping_status":"closed","template":"","meta":{"footnotes":""},"class_list":["post-87","page","type-page","status-publish","hentry"],"_links":{"self":[{"href":"https:\/\/www.marifaksitvakfi.org\/index.php?rest_route=\/wp\/v2\/pages\/87","targetHints":{"allow":["GET"]}}],"collection":[{"href":"https:\/\/www.marifaksitvakfi.org\/index.php?rest_route=\/wp\/v2\/pages"}],"about":[{"href":"https:\/\/www.marifaksitvakfi.org\/index.php?rest_route=\/wp\/v2\/types\/page"}],"author":[{"embeddable":true,"href":"https:\/\/www.marifaksitvakfi.org\/index.php?rest_route=\/wp\/v2\/users\/1"}],"replies":[{"embeddable":true,"href":"https:\/\/www.marifaksitvakfi.org\/index.php?rest_route=%2Fwp%2Fv2%2Fcomments&post=87"}],"version-history":[{"count":7,"href":"https:\/\/www.marifaksitvakfi.org\/index.php?rest_route=\/wp\/v2\/pages\/87\/revisions"}],"predecessor-version":[{"id":510,"href":"https:\/\/www.marifaksitvakfi.org\/index.php?rest_route=\/wp\/v2\/pages\/87\/revisions\/510"}],"wp:attachment":[{"href":"https:\/\/www.marifaksitvakfi.org\/index.php?rest_route=%2Fwp%2Fv2%2Fmedia&parent=87"}],"curies":[{"name":"wp","href":"https:\/\/api.w.org\/{rel}","templated":true}]}}