{"id":89,"date":"2018-08-06T14:31:48","date_gmt":"2018-08-06T11:31:48","guid":{"rendered":"https:\/\/www.marifaksitvakfi.org\/?page_id=89"},"modified":"2021-08-04T01:33:40","modified_gmt":"2021-08-03T22:33:40","slug":"duyurular","status":"publish","type":"page","link":"https:\/\/www.marifaksitvakfi.org\/?page_id=89","title":{"rendered":"Duyurular"},"content":{"rendered":"<p><strong>Duyurular<\/strong><\/p>\n\n\n<h3 class=\"wp-block-heading\"><\/h3>\n\n\n\n<ul class=\"wp-block-list\"><li>(<strong><span class=\"has-inline-color has-vivid-red-color\">Yeni<\/span><\/strong>) <a href=\"https:\/\/www.pau.edu.tr\/islamiilimler\/tr\/haber\/lisansustu-akademik-destek-programi\">PA\u00dc \u0130slami \u0130limler Enstit\u00fcs\u00fc Y\u00fcksek Lisans Ba\u015fvuru tarihleri: 2 A\u011fustos 2021 &#8211; 13 A\u011fustos 2021<\/a><\/li><li><a href=\"http:\/\/marifaksitvakfi.org\/?page_id=467\">M\u00fcft\u00fc Arif Ak\u015fit E\u011fitim ve K\u00fclt\u00fcr Vakf\u0131 ile Pamukkale \u00dcniversitesi Aras\u0131nda E\u011fitimde \u0130\u015fbirli\u011fi<\/a><\/li><\/ul>\n\n\n\n<p><\/p>\n","protected":false},"excerpt":{"rendered":"<p>Duyurular (Yeni) PA\u00dc \u0130slami \u0130limler Enstit\u00fcs\u00fc Y\u00fcksek Lisans Ba\u015fvuru tarihleri: 2 A\u011fustos 2021 &#8211; 13 A\u011fustos 2021 M\u00fcft\u00fc Arif Ak\u015fit E\u011fitim ve K\u00fclt\u00fcr Vakf\u0131 ile Pamukkale \u00dcniversitesi Aras\u0131nda E\u011fitimde \u0130\u015fbirli\u011fi<\/p>\n","protected":false},"author":1,"featured_media":0,"parent":0,"menu_order":0,"comment_status":"closed","ping_status":"closed","template":"","meta":{"footnotes":""},"class_list":["post-89","page","type-page","status-publish","hentry"],"_links":{"self":[{"href":"https:\/\/www.marifaksitvakfi.org\/index.php?rest_route=\/wp\/v2\/pages\/89","targetHints":{"allow":["GET"]}}],"collection":[{"href":"https:\/\/www.marifaksitvakfi.org\/index.php?rest_route=\/wp\/v2\/pages"}],"about":[{"href":"https:\/\/www.marifaksitvakfi.org\/index.php?rest_route=\/wp\/v2\/types\/page"}],"author":[{"embeddable":true,"href":"https:\/\/www.marifaksitvakfi.org\/index.php?rest_route=\/wp\/v2\/users\/1"}],"replies":[{"embeddable":true,"href":"https:\/\/www.marifaksitvakfi.org\/index.php?rest_route=%2Fwp%2Fv2%2Fcomments&post=89"}],"version-history":[{"count":3,"href":"https:\/\/www.marifaksitvakfi.org\/index.php?rest_route=\/wp\/v2\/pages\/89\/revisions"}],"predecessor-version":[{"id":494,"href":"https:\/\/www.marifaksitvakfi.org\/index.php?rest_route=\/wp\/v2\/pages\/89\/revisions\/494"}],"wp:attachment":[{"href":"https:\/\/www.marifaksitvakfi.org\/index.php?rest_route=%2Fwp%2Fv2%2Fmedia&parent=89"}],"curies":[{"name":"wp","href":"https:\/\/api.w.org\/{rel}","templated":true}]}}